{"id":241145,"date":"2025-06-27T17:49:50","date_gmt":"2025-06-27T15:49:50","guid":{"rendered":"https:\/\/demo11.leodaricreative.com\/blog\/"},"modified":"2026-02-20T10:36:13","modified_gmt":"2026-02-20T09:36:13","slug":"blog","status":"publish","type":"page","link":"https:\/\/demo11.leodaricreative.com\/de\/blog\/","title":{"rendered":"BLOG"},"content":{"rendered":"\t\t<div data-elementor-type=\"wp-page\" data-elementor-id=\"241145\" class=\"elementor elementor-241145 elementor-227992\" data-elementor-post-type=\"page\">\n\t\t\t\t\t\t<section class=\"elementor-section elementor-top-section elementor-element elementor-element-ffc85fc elementor-section-height-min-height elementor-section-boxed elementor-section-height-default elementor-section-items-middle\" data-id=\"ffc85fc\" data-element_type=\"section\" data-settings=\"{&quot;jet_parallax_layout_list&quot;:[],&quot;background_background&quot;:&quot;classic&quot;}\">\n\t\t\t\t\t\t<div class=\"elementor-container elementor-column-gap-default\">\n\t\t\t\t\t<div class=\"elementor-column elementor-col-100 elementor-top-column elementor-element elementor-element-9048cc2\" data-id=\"9048cc2\" data-element_type=\"column\">\n\t\t\t<div class=\"elementor-widget-wrap elementor-element-populated\">\n\t\t\t\t\t\t<div class=\"elementor-element elementor-element-b055280 elementor-widget elementor-widget-image\" data-id=\"b055280\" data-element_type=\"widget\" data-widget_type=\"image.default\">\n\t\t\t\t<div class=\"elementor-widget-container\">\n\t\t\t\t\t\t\t\t\t\t\t\t\t\t\t<img loading=\"lazy\" decoding=\"async\" width=\"413\" height=\"462\" src=\"https:\/\/demo11.leodaricreative.com\/wp-content\/uploads\/2024\/09\/ICONA-VIOLA.png\" class=\"attachment-full size-full wp-image-242600\" alt=\"\" \/>\t\t\t\t\t\t\t\t\t\t\t\t\t\t\t<\/div>\n\t\t\t\t<\/div>\n\t\t\t\t<div class=\"elementor-element elementor-element-2cf161e elementor-widget elementor-widget-spacer\" data-id=\"2cf161e\" data-element_type=\"widget\" data-widget_type=\"spacer.default\">\n\t\t\t\t<div class=\"elementor-widget-container\">\n\t\t\t\t\t\t\t<div class=\"elementor-spacer\">\n\t\t\t<div class=\"elementor-spacer-inner\"><\/div>\n\t\t<\/div>\n\t\t\t\t\t\t<\/div>\n\t\t\t\t<\/div>\n\t\t\t\t<div class=\"elementor-element elementor-element-8001c3b elementor-invisible elementor-widget elementor-widget-heading\" data-id=\"8001c3b\" data-element_type=\"widget\" data-settings=\"{&quot;_animation&quot;:&quot;fadeIn&quot;}\" data-widget_type=\"heading.default\">\n\t\t\t\t<div class=\"elementor-widget-container\">\n\t\t\t\t\t<h1 class=\"elementor-heading-title elementor-size-default\">IMMOBILIEN-BLOG, NEUIGKEITEN, INFORMATIONEN, UPDATES<\/h1>\t\t\t\t<\/div>\n\t\t\t\t<\/div>\n\t\t\t\t<div class=\"elementor-element elementor-element-33a4260 elementor-widget elementor-widget-spacer\" data-id=\"33a4260\" data-element_type=\"widget\" data-widget_type=\"spacer.default\">\n\t\t\t\t<div class=\"elementor-widget-container\">\n\t\t\t\t\t\t\t<div class=\"elementor-spacer\">\n\t\t\t<div class=\"elementor-spacer-inner\"><\/div>\n\t\t<\/div>\n\t\t\t\t\t\t<\/div>\n\t\t\t\t<\/div>\n\t\t\t\t<div class=\"elementor-element elementor-element-b9d4e77 elementor-widget elementor-widget-heading\" data-id=\"b9d4e77\" data-element_type=\"widget\" data-widget_type=\"heading.default\">\n\t\t\t\t<div class=\"elementor-widget-container\">\n\t\t\t\t\t<h2 class=\"elementor-heading-title elementor-size-default\">Etika immobiliare<\/h2>\t\t\t\t<\/div>\n\t\t\t\t<\/div>\n\t\t\t\t<div class=\"elementor-element elementor-element-8658f48 elementor-widget elementor-widget-heading\" data-id=\"8658f48\" data-element_type=\"widget\" data-widget_type=\"heading.default\">\n\t\t\t\t<div class=\"elementor-widget-container\">\n\t\t\t\t\t<h3 class=\"elementor-heading-title elementor-size-default\">Immobilienagenturen<\/h3>\t\t\t\t<\/div>\n\t\t\t\t<\/div>\n\t\t\t\t\t<\/div>\n\t\t<\/div>\n\t\t\t\t\t<\/div>\n\t\t<\/section>\n\t\t\t\t<section class=\"elementor-section elementor-top-section elementor-element elementor-element-506a1ae elementor-section-boxed elementor-section-height-default elementor-section-height-default\" data-id=\"506a1ae\" data-element_type=\"section\" data-settings=\"{&quot;jet_parallax_layout_list&quot;:[]}\">\n\t\t\t\t\t\t<div class=\"elementor-container elementor-column-gap-default\">\n\t\t\t\t\t<div class=\"elementor-column elementor-col-100 elementor-top-column elementor-element elementor-element-b7c362f\" data-id=\"b7c362f\" data-element_type=\"column\">\n\t\t\t<div class=\"elementor-widget-wrap elementor-element-populated\">\n\t\t\t\t\t\t<section class=\"elementor-section elementor-inner-section elementor-element elementor-element-d89ca03 elementor-section-full_width elementor-section-height-default elementor-section-height-default\" data-id=\"d89ca03\" data-element_type=\"section\" data-settings=\"{&quot;jet_parallax_layout_list&quot;:[]}\">\n\t\t\t\t\t\t<div class=\"elementor-container elementor-column-gap-default\">\n\t\t\t\t\t<div class=\"elementor-column elementor-col-100 elementor-inner-column elementor-element elementor-element-fa88797\" data-id=\"fa88797\" data-element_type=\"column\">\n\t\t\t<div class=\"elementor-widget-wrap elementor-element-populated\">\n\t\t\t\t\t\t<div class=\"elementor-element elementor-element-4c7522f elementor-widget elementor-widget-image\" data-id=\"4c7522f\" data-element_type=\"widget\" data-widget_type=\"image.default\">\n\t\t\t\t<div class=\"elementor-widget-container\">\n\t\t\t\t\t\t\t\t\t\t\t\t\t\t\t<img loading=\"lazy\" decoding=\"async\" width=\"1300\" height=\"461\" src=\"https:\/\/demo11.leodaricreative.com\/wp-content\/uploads\/2026\/02\/LOGO-ETIKA-IMMOBILIARE-1.png\" class=\"attachment-full size-full wp-image-242533\" alt=\"\" srcset=\"https:\/\/demo11.leodaricreative.com\/wp-content\/uploads\/2026\/02\/LOGO-ETIKA-IMMOBILIARE-1.png 1300w, https:\/\/demo11.leodaricreative.com\/wp-content\/uploads\/2026\/02\/LOGO-ETIKA-IMMOBILIARE-1-1200x426.png 1200w, https:\/\/demo11.leodaricreative.com\/wp-content\/uploads\/2026\/02\/LOGO-ETIKA-IMMOBILIARE-1-768x272.png 768w\" sizes=\"auto, (max-width: 1300px) 100vw, 1300px\" \/>\t\t\t\t\t\t\t\t\t\t\t\t\t\t\t<\/div>\n\t\t\t\t<\/div>\n\t\t\t\t<div class=\"elementor-element elementor-element-0dd1dad elementor-widget elementor-widget-heading\" data-id=\"0dd1dad\" data-element_type=\"widget\" data-widget_type=\"heading.default\">\n\t\t\t\t<div class=\"elementor-widget-container\">\n\t\t\t\t\t<h4 class=\"elementor-heading-title elementor-size-default\">IMMOBILIEN-BLOG<\/h4>\t\t\t\t<\/div>\n\t\t\t\t<\/div>\n\t\t\t\t<div class=\"elementor-element elementor-element-560ac89 elementor-widget elementor-widget-heading\" data-id=\"560ac89\" data-element_type=\"widget\" data-widget_type=\"heading.default\">\n\t\t\t\t<div class=\"elementor-widget-container\">\n\t\t\t\t\t<h1 class=\"elementor-heading-title elementor-size-default\">Der Bezugspunkt f\u00fcr Ihre Immobilienentscheidungen<\/h1>\t\t\t\t<\/div>\n\t\t\t\t<\/div>\n\t\t\t\t<div class=\"elementor-element elementor-element-390d8b6 elementor-widget elementor-widget-heading\" data-id=\"390d8b6\" data-element_type=\"widget\" data-widget_type=\"heading.default\">\n\t\t\t\t<div class=\"elementor-widget-container\">\n\t\t\t\t\t<h2 class=\"elementor-heading-title elementor-size-default\">Erfahrung und Kompetenz im Dienste Ihrer Entscheidungen: vom lokalen Markt bis zu touristischen Investitionen<\/h2>\t\t\t\t<\/div>\n\t\t\t\t<\/div>\n\t\t\t\t<div class=\"elementor-element elementor-element-f294647 elementor-widget elementor-widget-text-editor\" data-id=\"f294647\" data-element_type=\"widget\" data-widget_type=\"text-editor.default\">\n\t\t\t\t<div class=\"elementor-widget-container\">\n\t\t\t\t\t\t\t\t\t<p class=\"font-claude-response-body break-words whitespace-normal leading-[1.7]\">Willkommen im Blog von Etika Immobiliare, wo unsere 30-j\u00e4hrige Erfahrung im Immobiliensektor zu n\u00fctzlichen Informationen f\u00fcr Ihre Entscheidungen wird.<\/p><p class=\"font-claude-response-body break-words whitespace-normal leading-[1.7]\">Hier finden Sie aktuelle Marktanalysen, praktische Ratgeber zum Kauf und Verkauf von H\u00e4usern, Tipps f\u00fcr Investitionen in die touristische Vermietung und Strategien zur Maximierung des Werts Ihres Immobilienverm\u00f6gens.<\/p>\t\t\t\t\t\t\t\t<\/div>\n\t\t\t\t<\/div>\n\t\t\t\t<div class=\"elementor-element elementor-element-7b5d45b elementor-grid-tablet-1 elementor-grid-3 elementor-grid-mobile-1 elementor-posts--thumbnail-top elementor-card-shadow-yes elementor-posts__hover-gradient elementor-widget elementor-widget-posts\" data-id=\"7b5d45b\" data-element_type=\"widget\" data-settings=\"{&quot;cards_columns_tablet&quot;:&quot;1&quot;,&quot;pagination_type&quot;:&quot;numbers&quot;,&quot;cards_columns&quot;:&quot;3&quot;,&quot;cards_columns_mobile&quot;:&quot;1&quot;,&quot;cards_row_gap&quot;:{&quot;unit&quot;:&quot;px&quot;,&quot;size&quot;:35,&quot;sizes&quot;:[]},&quot;cards_row_gap_tablet&quot;:{&quot;unit&quot;:&quot;px&quot;,&quot;size&quot;:&quot;&quot;,&quot;sizes&quot;:[]},&quot;cards_row_gap_mobile&quot;:{&quot;unit&quot;:&quot;px&quot;,&quot;size&quot;:&quot;&quot;,&quot;sizes&quot;:[]}}\" data-widget_type=\"posts.cards\">\n\t\t\t\t<div class=\"elementor-widget-container\">\n\t\t\t\t\t\t\t<div class=\"elementor-posts-container elementor-posts elementor-posts--skin-cards elementor-grid\" role=\"list\">\n\t\t\t\t<article class=\"elementor-post elementor-grid-item post-241812 post type-post status-publish format-standard has-post-thumbnail hentry category-immobilienmarkt tag-der-immobilienmarkt-2025-in-italien\" role=\"listitem\">\n\t\t\t<div class=\"elementor-post__card\">\n\t\t\t\t<a class=\"elementor-post__thumbnail__link\" href=\"https:\/\/demo11.leodaricreative.com\/de\/der-immobilienmarkt-2025-eine-erholung-getrieben-durch-wachsende-nachfrage\/\" tabindex=\"-1\" ><div class=\"elementor-post__thumbnail\"><img loading=\"lazy\" decoding=\"async\" width=\"1200\" height=\"630\" src=\"https:\/\/demo11.leodaricreative.com\/wp-content\/uploads\/2025\/11\/Il-Mercato-Immobiliare-2025-Una-Ripresa-Guidata-dalla-Crescita-della-Domanda.jpg\" class=\"attachment-full size-full wp-image-241808\" alt=\"\" srcset=\"https:\/\/demo11.leodaricreative.com\/wp-content\/uploads\/2025\/11\/Il-Mercato-Immobiliare-2025-Una-Ripresa-Guidata-dalla-Crescita-della-Domanda.jpg 1200w, https:\/\/demo11.leodaricreative.com\/wp-content\/uploads\/2025\/11\/Il-Mercato-Immobiliare-2025-Una-Ripresa-Guidata-dalla-Crescita-della-Domanda-768x403.jpg 768w\" sizes=\"auto, (max-width: 1200px) 100vw, 1200px\" \/><\/div><\/a>\n\t\t\t\t<div class=\"elementor-post__text\">\n\t\t\t\t<h3 class=\"elementor-post__title\">\n\t\t\t<a href=\"https:\/\/demo11.leodaricreative.com\/de\/der-immobilienmarkt-2025-eine-erholung-getrieben-durch-wachsende-nachfrage\/\" >\n\t\t\t\tDer Immobilienmarkt 2025: Eine Erholung getrieben durch wachsende Nachfrage\t\t\t<\/a>\n\t\t<\/h3>\n\t\t\t\t<div class=\"elementor-post__excerpt\">\n\t\t\t<p>Der Immobilienmarkt 2025 zeichnet sich als Wendepunkt f\u00fcr den italienischen Immobiliensektor ab, gekennzeichnet durch deutlich ermutigende Zeichen der Erholung. Nach einer Zeit der Unsicherheit im\t\t<\/div>\n\t\t\n\t\t<a class=\"elementor-post__read-more\" href=\"https:\/\/demo11.leodaricreative.com\/de\/der-immobilienmarkt-2025-eine-erholung-getrieben-durch-wachsende-nachfrage\/\" aria-label=\"Mehr \u00fcber Der Immobilienmarkt 2025: Eine Erholung getrieben durch wachsende Nachfrage\" tabindex=\"-1\" >\n\t\t\tAlles lesen \u00bb\t\t<\/a>\n\n\t\t\t\t<\/div>\n\t\t\t\t<div class=\"elementor-post__meta-data\">\n\t\t\t\t\t<span class=\"elementor-post-author\">\n\t\t\tEtika Immobiliare\t\t<\/span>\n\t\t\t\t<span class=\"elementor-post-date\">\n\t\t\t27 November 2025\t\t<\/span>\n\t\t\t\t<\/div>\n\t\t\t\t\t<\/div>\n\t\t<\/article>\n\t\t\t\t<article class=\"elementor-post elementor-grid-item post-241820 post type-post status-publish format-standard has-post-thumbnail hentry category-preise tag-immobilienpreise-2025\" role=\"listitem\">\n\t\t\t<div class=\"elementor-post__card\">\n\t\t\t\t<a class=\"elementor-post__thumbnail__link\" href=\"https:\/\/demo11.leodaricreative.com\/de\/immobilienpreise-2025-wachstumstrends-und-marktchancen\/\" tabindex=\"-1\" ><div class=\"elementor-post__thumbnail\"><img loading=\"lazy\" decoding=\"async\" width=\"1200\" height=\"630\" src=\"https:\/\/demo11.leodaricreative.com\/wp-content\/uploads\/2025\/08\/Prezzi-Immobili-2025-Tendenze-di-Crescita-e-Opportunita-di-Mercato.jpg\" class=\"attachment-full size-full wp-image-241819\" alt=\"\" srcset=\"https:\/\/demo11.leodaricreative.com\/wp-content\/uploads\/2025\/08\/Prezzi-Immobili-2025-Tendenze-di-Crescita-e-Opportunita-di-Mercato.jpg 1200w, https:\/\/demo11.leodaricreative.com\/wp-content\/uploads\/2025\/08\/Prezzi-Immobili-2025-Tendenze-di-Crescita-e-Opportunita-di-Mercato-768x403.jpg 768w\" sizes=\"auto, (max-width: 1200px) 100vw, 1200px\" \/><\/div><\/a>\n\t\t\t\t<div class=\"elementor-post__text\">\n\t\t\t\t<h3 class=\"elementor-post__title\">\n\t\t\t<a href=\"https:\/\/demo11.leodaricreative.com\/de\/immobilienpreise-2025-wachstumstrends-und-marktchancen\/\" >\n\t\t\t\tImmobilienpreise 2025: Wachstumstrends und Marktchancen\t\t\t<\/a>\n\t\t<\/h3>\n\t\t\t\t<div class=\"elementor-post__excerpt\">\n\t\t\t<p>Die Entwicklung der Immobilienpreise 2025 stellt einen der bedeutendsten Aspekte des italienischen Immobilienmarktes dar, gekennzeichnet durch komplexe Dynamiken, die sowohl lokale als auch internationale Trends\t\t<\/div>\n\t\t\n\t\t<a class=\"elementor-post__read-more\" href=\"https:\/\/demo11.leodaricreative.com\/de\/immobilienpreise-2025-wachstumstrends-und-marktchancen\/\" aria-label=\"Mehr \u00fcber Immobilienpreise 2025: Wachstumstrends und Marktchancen\" tabindex=\"-1\" >\n\t\t\tAlles lesen \u00bb\t\t<\/a>\n\n\t\t\t\t<\/div>\n\t\t\t\t<div class=\"elementor-post__meta-data\">\n\t\t\t\t\t<span class=\"elementor-post-author\">\n\t\t\tEtika Immobiliare\t\t<\/span>\n\t\t\t\t<span class=\"elementor-post-date\">\n\t\t\t27 August 2025\t\t<\/span>\n\t\t\t\t<\/div>\n\t\t\t\t\t<\/div>\n\t\t<\/article>\n\t\t\t\t<article class=\"elementor-post elementor-grid-item post-241825 post type-post status-publish format-standard has-post-thumbnail hentry category-investitionen tag-immobilieninvestitionen-2025\" role=\"listitem\">\n\t\t\t<div class=\"elementor-post__card\">\n\t\t\t\t<a class=\"elementor-post__thumbnail__link\" href=\"https:\/\/demo11.leodaricreative.com\/de\/immobilieninvestitionen-2025-die-rueckkehr-des-interesses-und-der-chancen\/\" tabindex=\"-1\" ><div class=\"elementor-post__thumbnail\"><img loading=\"lazy\" decoding=\"async\" width=\"1200\" height=\"630\" src=\"https:\/\/demo11.leodaricreative.com\/wp-content\/uploads\/2025\/03\/Investimenti-Immobiliari-2025-Il-Ritorno-dellInteresse-e-delle-Opportunita.jpg\" class=\"attachment-full size-full wp-image-241824\" alt=\"\" srcset=\"https:\/\/demo11.leodaricreative.com\/wp-content\/uploads\/2025\/03\/Investimenti-Immobiliari-2025-Il-Ritorno-dellInteresse-e-delle-Opportunita.jpg 1200w, https:\/\/demo11.leodaricreative.com\/wp-content\/uploads\/2025\/03\/Investimenti-Immobiliari-2025-Il-Ritorno-dellInteresse-e-delle-Opportunita-768x403.jpg 768w\" sizes=\"auto, (max-width: 1200px) 100vw, 1200px\" \/><\/div><\/a>\n\t\t\t\t<div class=\"elementor-post__text\">\n\t\t\t\t<h3 class=\"elementor-post__title\">\n\t\t\t<a href=\"https:\/\/demo11.leodaricreative.com\/de\/immobilieninvestitionen-2025-die-rueckkehr-des-interesses-und-der-chancen\/\" >\n\t\t\t\tImmobilieninvestitionen 2025: Die R\u00fcckkehr des Interesses und der Chancen\t\t\t<\/a>\n\t\t<\/h3>\n\t\t\t\t<div class=\"elementor-post__excerpt\">\n\t\t\t<p>Der Sektor der Immobilieninvestitionen 2025 erlebt eine Phase erneuten Interesses, gekennzeichnet durch g\u00fcnstige Dynamiken, die die Strategien des italienischen und europ\u00e4ischen Marktes neu definieren k\u00f6nnten.\t\t<\/div>\n\t\t\n\t\t<a class=\"elementor-post__read-more\" href=\"https:\/\/demo11.leodaricreative.com\/de\/immobilieninvestitionen-2025-die-rueckkehr-des-interesses-und-der-chancen\/\" aria-label=\"Mehr \u00fcber Immobilieninvestitionen 2025: Die R\u00fcckkehr des Interesses und der Chancen\" tabindex=\"-1\" >\n\t\t\tAlles lesen \u00bb\t\t<\/a>\n\n\t\t\t\t<\/div>\n\t\t\t\t<div class=\"elementor-post__meta-data\">\n\t\t\t\t\t<span class=\"elementor-post-author\">\n\t\t\tEtika Immobiliare\t\t<\/span>\n\t\t\t\t<span class=\"elementor-post-date\">\n\t\t\t27 M\u00e4rz 2025\t\t<\/span>\n\t\t\t\t<\/div>\n\t\t\t\t\t<\/div>\n\t\t<\/article>\n\t\t\t\t<\/div>\n\t\t\n\t\t\t\t\t\t<\/div>\n\t\t\t\t<\/div>\n\t\t\t\t\t<\/div>\n\t\t<\/div>\n\t\t\t\t\t<\/div>\n\t\t<\/section>\n\t\t\t\t\t<\/div>\n\t\t<\/div>\n\t\t\t\t\t<\/div>\n\t\t<\/section>\n\t\t\t\t<\/div>\n\t\t","protected":false},"excerpt":{"rendered":"<p>Etika Immobilien-Blog: praktische Ratgeber, Marktanalysen und Tipps f\u00fcr Kauf, Verkauf und Investitionen in Vicenza und Jesolo. 30 Jahre Erfahrung f\u00fcr Sie. <\/p>\n","protected":false},"author":1,"featured_media":241143,"parent":0,"menu_order":0,"comment_status":"closed","ping_status":"closed","template":"","meta":{"footnotes":""},"class_list":["post-241145","page","type-page","status-publish","has-post-thumbnail","hentry"],"_links":{"self":[{"href":"https:\/\/demo11.leodaricreative.com\/de\/wp-json\/wp\/v2\/pages\/241145","targetHints":{"allow":["GET"]}}],"collection":[{"href":"https:\/\/demo11.leodaricreative.com\/de\/wp-json\/wp\/v2\/pages"}],"about":[{"href":"https:\/\/demo11.leodaricreative.com\/de\/wp-json\/wp\/v2\/types\/page"}],"author":[{"embeddable":true,"href":"https:\/\/demo11.leodaricreative.com\/de\/wp-json\/wp\/v2\/users\/1"}],"replies":[{"embeddable":true,"href":"https:\/\/demo11.leodaricreative.com\/de\/wp-json\/wp\/v2\/comments?post=241145"}],"version-history":[{"count":7,"href":"https:\/\/demo11.leodaricreative.com\/de\/wp-json\/wp\/v2\/pages\/241145\/revisions"}],"predecessor-version":[{"id":242632,"href":"https:\/\/demo11.leodaricreative.com\/de\/wp-json\/wp\/v2\/pages\/241145\/revisions\/242632"}],"wp:featuredmedia":[{"embeddable":true,"href":"https:\/\/demo11.leodaricreative.com\/de\/wp-json\/wp\/v2\/media\/241143"}],"wp:attachment":[{"href":"https:\/\/demo11.leodaricreative.com\/de\/wp-json\/wp\/v2\/media?parent=241145"}],"curies":[{"name":"wp","href":"https:\/\/api.w.org\/{rel}","templated":true}]}}